{"id":371008,"date":"2025-04-22T22:00:23","date_gmt":"2025-04-22T22:00:23","guid":{"rendered":"https:\/\/humainhealthcare.com\/?page_id=371008"},"modified":"2025-07-03T05:01:24","modified_gmt":"2025-07-03T05:01:24","slug":"barcelone-tourisme-medical","status":"publish","type":"page","link":"https:\/\/humainhealthcare.com\/fr\/barcelone-tourisme-medical\/","title":{"rendered":"Tourisme m\u00e9dical \u00e0 Barcelone"},"content":{"rendered":"[et_pb_section fb_built=&#8221;1&#8243; _builder_version=&#8221;4.27.4&#8243; _module_preset=&#8221;default&#8221; background_color=&#8221;#000000&#8243; global_colors_info=&#8221;{}&#8221;][et_pb_row _builder_version=&#8221;4.27.4&#8243; _module_preset=&#8221;default&#8221; global_colors_info=&#8221;{}&#8221;][et_pb_column type=&#8221;4_4&#8243; _builder_version=&#8221;4.27.4&#8243; _module_preset=&#8221;default&#8221; global_colors_info=&#8221;{}&#8221;][et_pb_text _builder_version=&#8221;4.27.4&#8243; _module_preset=&#8221;default&#8221; text_font=&#8221;Unna||||||||&#8221; text_text_color=&#8221;#FFFFFF&#8221; text_font_size=&#8221;26px&#8221; text_line_height=&#8221;1.6em&#8221; header_2_font=&#8221;Unna|700||on|||||&#8221; header_2_text_color=&#8221;#FFFFFF&#8221; header_2_font_size=&#8221;42px&#8221; header_2_letter_spacing=&#8221;1px&#8221; header_2_line_height=&#8221;2em&#8221; text_font_size_tablet=&#8221;23px&#8221; text_font_size_phone=&#8221;20px&#8221; text_font_size_last_edited=&#8221;on|desktop&#8221; header_2_font_size_tablet=&#8221;35px&#8221; header_2_font_size_phone=&#8221;32px&#8221; header_2_font_size_last_edited=&#8221;on|desktop&#8221; header_2_line_height_tablet=&#8221;2em&#8221; header_2_line_height_phone=&#8221;1.2em&#8221; header_2_line_height_last_edited=&#8221;on|phone&#8221; global_colors_info=&#8221;{}&#8221;]<h2>Barcelone : innovation, sant\u00e9 et qualit\u00e9 de vie<\/h2>\n<p>Barcelone est l\u2019une des villes les plus dynamiques et cosmopolites d\u2019Europe, reconnue non seulement pour sa richesse culturelle et architecturale, mais aussi pour son excellence dans le domaine m\u00e9dical.<\/p>\n<p>Dot\u00e9e d'une infrastructure de sant\u00e9 de premier ordre, d'h\u00f4pitaux \u00e9quip\u00e9s des derni\u00e8res technologies et de sp\u00e9cialistes de renomm\u00e9e internationale, la ville est devenue une r\u00e9f\u00e9rence en mati\u00e8re de tourisme m\u00e9dical . <strong>medical tourism<\/strong>.<\/p>[\/et_pb_text][\/et_pb_column][\/et_pb_row][\/et_pb_section][et_pb_section fb_built=&#8221;1&#8243; _builder_version=&#8221;4.27.4&#8243; _module_preset=&#8221;default&#8221; background_enable_color=&#8221;off&#8221; global_colors_info=&#8221;{}&#8221;][et_pb_row _builder_version=&#8221;4.27.4&#8243; _module_preset=&#8221;default&#8221; global_colors_info=&#8221;{}&#8221;][et_pb_column type=&#8221;4_4&#8243; _builder_version=&#8221;4.27.4&#8243; _module_preset=&#8221;default&#8221; global_colors_info=&#8221;{}&#8221;][et_pb_text _builder_version=&#8221;4.27.4&#8243; _module_preset=&#8221;default&#8221; text_font=&#8221;Unna||||||||&#8221; text_text_color=&#8221;#000000&#8243; text_font_size=&#8221;26px&#8221; text_line_height=&#8221;1.6em&#8221; ul_line_height=&#8221;1.6em&#8221; header_2_font=&#8221;Unna|700||on|||||&#8221; header_2_text_color=&#8221;#000000&#8243; header_2_font_size=&#8221;42px&#8221; header_2_line_height=&#8221;1.8em&#8221; hover_enabled=&#8221;0&#8243; text_font_size_tablet=&#8221;26px&#8221; text_font_size_phone=&#8221;20px&#8221; text_font_size_last_edited=&#8221;on|phone&#8221; header_2_font_size_tablet=&#8221;35px&#8221; header_2_font_size_phone=&#8221;30px&#8221; header_2_font_size_last_edited=&#8221;on|phone&#8221; header_2_line_height_tablet=&#8221;1.8em&#8221; header_2_line_height_phone=&#8221;1.2em&#8221; header_2_line_height_last_edited=&#8221;on|phone&#8221; global_colors_info=&#8221;{}&#8221; sticky_enabled=&#8221;0&#8243;]<h2><strong>Barcelone et le tourisme m\u00e9dical<\/strong><\/h2>\n<p>Depuis des d\u00e9cennies, Barcelone est une destination incontournable pour les patients du monde entier en qu\u00eate de soins m\u00e9dicaux de qualit\u00e9. La ville dispose d'h\u00f4pitaux et de cliniques prestigieux proposant un large \u00e9ventail de sp\u00e9cialit\u00e9s, allant de la chirurgie avanc\u00e9e et des traitements contre le cancer \u00e0 la m\u00e9decine r\u00e9g\u00e9n\u00e9rative et aux proc\u00e9dures de pointe.<\/p>\n<p>De plus, son climat m\u00e9diterran\u00e9en, son excellente connectivit\u00e9 avec le reste du monde et sa qualit\u00e9 de vie \u00e9lev\u00e9e rendent la r\u00e9cup\u00e9ration beaucoup plus agr\u00e9able.<\/p>\n<h2><strong>Num\u00e9ros de t\u00e9l\u00e9phone utiles \u00e0 Barcelone<\/strong><\/h2>\n<p>Si vous visitez Barcelone pour un traitement m\u00e9dical, il est important d'avoir acc\u00e8s aux principaux num\u00e9ros de t\u00e9l\u00e9phone d'urgence et de service :<\/p>\n<ul>\n<li><strong>Urgences g\u00e9n\u00e9rales<\/strong> (police, pompiers, ambulance) : 112<\/li>\n<li><strong>Urgences m\u00e9dicales<\/strong> (Ambulance publique \u2013 SEM) : 061<\/li>\n<li><strong>Police locale<\/strong> (Police urbaine de Barcelone) : 092<\/li>\n<li><strong>A\u00e9roport de Barcelone-El Prat<\/strong>: +34 913 211 000<\/li>\n<li><strong>Informations sur les transports publics<\/strong> (TMB): +34 900 701 149<\/li>\n<li><strong>Tourisme Barcelone \u2013 Informations visiteurs<\/strong>: +34 932 853 834<\/li>\n<\/ul>\n<p>Chez <strong>Humain Healthcare<\/strong>, nous veillons \u00e0 ce que votre s\u00e9jour \u00e0 Barcelone soit aussi confortable et s\u00fbr que possible, en vous offrant un soutien complet avant, pendant et apr\u00e8s votre traitement.<\/p>[\/et_pb_text][\/et_pb_column][\/et_pb_row][\/et_pb_section]","protected":false},"excerpt":{"rendered":"<p>Barcelona: Innovation, Health, and Quality of Life Barcelona is one of the most vibrant and cosmopolitan cities in Europe, recognized not only for its cultural and architectural richness, but also for its excellence in the medical field. With a first-class healthcare infrastructure, hospitals equipped with the latest technology, and internationally renowned specialists, the city has [&hellip;]<\/p>","protected":false},"author":1,"featured_media":0,"parent":0,"menu_order":0,"comment_status":"closed","ping_status":"closed","template":"","meta":{"_et_pb_use_builder":"on","_et_pb_old_content":"","_et_gb_content_width":"","footnotes":""},"difl_page_category":[],"class_list":["post-371008","page","type-page","status-publish","hentry"],"aioseo_notices":[],"_links":{"self":[{"href":"https:\/\/humainhealthcare.com\/fr\/wp-json\/wp\/v2\/pages\/371008","targetHints":{"allow":["GET"]}}],"collection":[{"href":"https:\/\/humainhealthcare.com\/fr\/wp-json\/wp\/v2\/pages"}],"about":[{"href":"https:\/\/humainhealthcare.com\/fr\/wp-json\/wp\/v2\/types\/page"}],"author":[{"embeddable":true,"href":"https:\/\/humainhealthcare.com\/fr\/wp-json\/wp\/v2\/users\/1"}],"replies":[{"embeddable":true,"href":"https:\/\/humainhealthcare.com\/fr\/wp-json\/wp\/v2\/comments?post=371008"}],"version-history":[{"count":0,"href":"https:\/\/humainhealthcare.com\/fr\/wp-json\/wp\/v2\/pages\/371008\/revisions"}],"wp:attachment":[{"href":"https:\/\/humainhealthcare.com\/fr\/wp-json\/wp\/v2\/media?parent=371008"}],"wp:term":[{"taxonomy":"difl_page_category","embeddable":true,"href":"https:\/\/humainhealthcare.com\/fr\/wp-json\/wp\/v2\/difl_page_category?post=371008"}],"curies":[{"name":"wp","href":"https:\/\/api.w.org\/{rel}","templated":true}]}}