{"id":370886,"date":"2025-04-20T16:50:38","date_gmt":"2025-04-20T16:50:38","guid":{"rendered":"https:\/\/humainhealthcare.com\/?page_id=370886"},"modified":"2025-05-13T18:07:23","modified_gmt":"2025-05-13T18:07:23","slug":"qui-nous-sommes","status":"publish","type":"page","link":"https:\/\/humainhealthcare.com\/fr\/qui-nous-sommes\/","title":{"rendered":"Qui sommes nous"},"content":{"rendered":"<p>[et_pb_section fb_built=&#8221;1&#8243; custom_padding_last_edited=&#8221;off|desktop&#8221; _builder_version=&#8221;4.27.4&#8243; _module_preset=&#8221;default&#8221; background_color=&#8221;#000000&#8243; custom_margin_last_edited=&#8221;off|desktop&#8221; custom_padding_phone=&#8221;0px||0px||false|false&#8221; locked=&#8221;off&#8221; global_colors_info=&#8221;{}&#8221;][et_pb_row _builder_version=&#8221;4.27.4&#8243; _module_preset=&#8221;default&#8221; global_colors_info=&#8221;{}&#8221;][et_pb_column type=&#8221;4_4&#8243; _builder_version=&#8221;4.27.4&#8243; _module_preset=&#8221;default&#8221; custom_padding_tablet=&#8221;|||5%|false|false&#8221; custom_padding_phone=&#8221;|7%||7%|false|false&#8221; custom_padding_last_edited=&#8221;on|phone&#8221; global_colors_info=&#8221;{}&#8221;][et_pb_text _builder_version=&#8221;4.27.4&#8243; _module_preset=&#8221;default&#8221; text_font=&#8221;&#8211;et_global_body_font||||||||&#8221; text_text_color=&#8221;#000000&#8243; text_font_size=&#8221;16px&#8221; text_line_height=&#8221;1.6em&#8221; header_4_font=&#8221;Unna|700||on|||||&#8221; header_4_text_color=&#8221;#FFFFFF&#8221; header_4_font_size=&#8221;42px&#8221; header_4_letter_spacing=&#8221;1px&#8221; custom_margin=&#8221;||||false|false&#8221; custom_padding_tablet=&#8221;0px||||false|false&#8221; custom_padding_phone=&#8221;50px||||false|false&#8221; custom_padding_last_edited=&#8221;off|desktop&#8221; header_4_font_size_tablet=&#8221;30px&#8221; header_4_font_size_phone=&#8221;32px&#8221; header_4_font_size_last_edited=&#8221;on|phone&#8221; global_colors_info=&#8221;{}&#8221;]<\/p>\n<h4><strong>Qui sommes nous<\/strong><\/h4>\n<p>[\/et_pb_text][et_pb_text _builder_version=&#8221;4.27.4&#8243; _module_preset=&#8221;default&#8221; text_font=&#8221;Unna||||||||&#8221; text_text_color=&#8221;#FFFFFF&#8221; text_font_size=&#8221;26px&#8221; text_line_height=&#8221;1.6em&#8221; text_font_size_tablet=&#8221;26px&#8221; text_font_size_phone=&#8221;20px&#8221; text_font_size_last_edited=&#8221;on|phone&#8221; global_colors_info=&#8221;{}&#8221;]<\/p>\n<p>Chez <strong>Humain Healthcare<\/strong>, nous avons plus de 25 ans d'exp\u00e9rience dans la mise en relation de patients internationaux avec les meilleurs sp\u00e9cialistes et centres m\u00e9dicaux de Barcelone, offrant un service complet et sur mesure.<\/p>\n<p>Notre engagement est de fournir d\u2019excellents soins, alliant innovation, humanit\u00e9 et commodit\u00e9 pour garantir que chaque patient re\u00e7oive le meilleur traitement dans un environnement s\u00fbr et accueillant.<\/p>\n<p>De la premi\u00e8re consultation jusqu'\u00e0 la convalescence, nous prenons en charge chaque d\u00e9tail : planification du traitement, coordination m\u00e9dicale, h\u00e9bergement, transport et assistance personnalis\u00e9e.<\/p>\n<p>Chez <strong>Humain Healthcare<\/strong>, votre bien-\u00eatre est notre priorit\u00e9.<\/p>\n<p>[\/et_pb_text][\/et_pb_column][\/et_pb_row][\/et_pb_section][et_pb_section fb_built=&#8221;1&#8243; _builder_version=&#8221;4.27.0&#8243; _module_preset=&#8221;default&#8221; background_color=&#8221;#f9f9f9&#8243; locked=&#8221;off&#8221; global_colors_info=&#8221;{}&#8221;][et_pb_row _builder_version=&#8221;4.27.0&#8243; _module_preset=&#8221;default&#8221; global_colors_info=&#8221;{}&#8221;][et_pb_column type=&#8221;4_4&#8243; _builder_version=&#8221;4.27.0&#8243; _module_preset=&#8221;default&#8221; global_colors_info=&#8221;{}&#8221;][et_pb_text _builder_version=&#8221;4.27.4&#8243; _module_preset=&#8221;default&#8221; text_font=&#8221;&#8211;et_global_body_font||||||||&#8221; text_text_color=&#8221;#000000&#8243; text_font_size=&#8221;16px&#8221; text_line_height=&#8221;1.6em&#8221; header_4_font=&#8221;Unna|700||on|||||&#8221; header_4_text_color=&#8221;#000000&#8243; header_4_font_size=&#8221;42px&#8221; header_4_letter_spacing=&#8221;1px&#8221; custom_margin=&#8221;||||false|false&#8221; custom_padding=&#8221;||||false|false&#8221; custom_padding_tablet=&#8221;0px||||false|false&#8221; custom_padding_phone=&#8221;0px||||false|false&#8221; custom_padding_last_edited=&#8221;off|desktop&#8221; hover_enabled=&#8221;0&#8243; header_4_font_size_tablet=&#8221;30px&#8221; header_4_font_size_phone=&#8221;32px&#8221; header_4_font_size_last_edited=&#8221;on|phone&#8221; global_colors_info=&#8221;{}&#8221; sticky_enabled=&#8221;0&#8243;]<\/p>\n<h4><strong>Philosophie<\/strong><\/h4>\n<p>[\/et_pb_text][et_pb_text _builder_version=&#8221;4.27.4&#8243; _module_preset=&#8221;default&#8221; text_font=&#8221;Unna||||||||&#8221; text_text_color=&#8221;#000000&#8243; text_font_size=&#8221;26px&#8221; text_line_height=&#8221;1.6em&#8221; ul_line_height=&#8221;1.6em&#8221; header_4_font=&#8221;Unna||||||||&#8221; header_4_text_color=&#8221;#000000&#8243; header_4_font_size=&#8221;32px&#8221; header_4_line_height=&#8221;1.3em&#8221; text_font_size_tablet=&#8221;26px&#8221; text_font_size_phone=&#8221;20px&#8221; text_font_size_last_edited=&#8221;on|phone&#8221; header_4_font_size_tablet=&#8221;32px&#8221; header_4_font_size_phone=&#8221;25px&#8221; header_4_font_size_last_edited=&#8221;on|phone&#8221; global_colors_info=&#8221;{}&#8221;]<\/p>\n<p>Chez <strong>Humain Healthcare<\/strong>, nous pensons que la sant\u00e9 ne conna\u00eet pas de fronti\u00e8res. Notre philosophie repose sur trois piliers fondamentaux :<\/p>\n<ul>\n<li>Excellence m\u00e9dicale : Nous travaillons avec des sp\u00e9cialistes renomm\u00e9s et des h\u00f4pitaux de pointe pour offrir des traitements de pointe.<\/li>\n<li>Soins personnalis\u00e9s : Chaque patient est unique, c'est pourquoi nous concevons des exp\u00e9riences m\u00e9dicales personnalis\u00e9es avec une approche humaine et conviviale.<\/li>\n<li>Commodit\u00e9 et confiance : nous prenons en charge tous les aspects du s\u00e9jour du patient \u00e0 Barcelone, garantissant une exp\u00e9rience sans souci.<\/li>\n<\/ul>\n<h4><strong>Notre mission est de donner acc\u00e8s aux meilleurs soins m\u00e9dicaux avec un traitement chaleureux, \u00e9thique et transparent.<\/strong><\/h4>\n<p>[\/et_pb_text][\/et_pb_column][\/et_pb_row][et_pb_row _builder_version=&#8221;4.27.0&#8243; _module_preset=&#8221;default&#8221; global_colors_info=&#8221;{}&#8221;][et_pb_column type=&#8221;4_4&#8243; _builder_version=&#8221;4.27.0&#8243; _module_preset=&#8221;default&#8221; global_colors_info=&#8221;{}&#8221;][et_pb_text _builder_version=&#8221;4.27.4&#8243; _module_preset=&#8221;default&#8221; text_font=&#8221;&#8211;et_global_body_font||||||||&#8221; text_text_color=&#8221;#000000&#8243; text_font_size=&#8221;16px&#8221; text_line_height=&#8221;1.6em&#8221; header_4_font=&#8221;Unna|700||on|||||&#8221; header_4_text_color=&#8221;#000000&#8243; header_4_font_size=&#8221;42px&#8221; header_4_letter_spacing=&#8221;1px&#8221; custom_margin=&#8221;||||false|false&#8221; custom_padding=&#8221;||||false|false&#8221; hover_enabled=&#8221;0&#8243; header_4_font_size_tablet=&#8221;30px&#8221; header_4_font_size_phone=&#8221;32px&#8221; header_4_font_size_last_edited=&#8221;on|phone&#8221; global_colors_info=&#8221;{}&#8221; sticky_enabled=&#8221;0&#8243;]<\/p>\n<h4><strong>Histoire<\/strong><\/h4>\n<p>[\/et_pb_text][et_pb_text _builder_version=&#8221;4.27.4&#8243; _module_preset=&#8221;default&#8221; text_font=&#8221;Unna||||||||&#8221; text_text_color=&#8221;#000000&#8243; text_font_size=&#8221;26px&#8221; text_line_height=&#8221;1.6em&#8221; text_font_size_tablet=&#8221;26px&#8221; text_font_size_phone=&#8221;20px&#8221; text_font_size_last_edited=&#8221;on|phone&#8221; global_colors_info=&#8221;{}&#8221;]<\/p>\n<p><strong>Humain Healthcare<\/strong> a \u00e9t\u00e9 fond\u00e9e avec la vision de faciliter l'acc\u00e8s \u00e0 une m\u00e9decine de haute qualit\u00e9 \u00e0 Barcelone pour les patients du monde entier.<\/p>\n<p>Notre \u00e9quipe, compos\u00e9e d'experts en soins de sant\u00e9 et en gestion m\u00e9dicale poss\u00e9dant une vaste exp\u00e9rience dans la prestation de soins en plusieurs langues, a identifi\u00e9 le besoin d'offrir un service complet combinant d'excellents traitements avec un soutien personnel et attentionn\u00e9.<\/p>\n<p>Depuis nos d\u00e9buts, nous aidons les patients de diff\u00e9rentes r\u00e9gions du monde \u00e0 trouver les meilleures solutions m\u00e9dicales, en g\u00e9rant l'ensemble du processus afin qu'ils n'aient qu'\u00e0 se soucier de leur r\u00e9tablissement.<\/p>\n<p>Aujourd\u2019hui, nous continuons de cro\u00eetre avec l\u2019engagement d\u2019innover et d\u2019am\u00e9liorer la vie de ceux qui nous font confiance.<\/p>\n<p>[\/et_pb_text][\/et_pb_column][\/et_pb_row][\/et_pb_section]<\/p>","protected":false},"excerpt":{"rendered":"<p>Who We AreAt Humain Healthcare, we have more than 25 years of experience connecting international patients with the best specialists and medical centers in Barcelona, \u200b\u200boffering a comprehensive and tailored service. Our commitment is to provide excellent care, combining innovation, humanity, and convenience to ensure each patient receives the best treatment in a safe and [&hellip;]<\/p>","protected":false},"author":1,"featured_media":0,"parent":0,"menu_order":0,"comment_status":"closed","ping_status":"closed","template":"","meta":{"_et_pb_use_builder":"on","_et_pb_old_content":"","_et_gb_content_width":"","footnotes":""},"difl_page_category":[],"class_list":["post-370886","page","type-page","status-publish","hentry"],"aioseo_notices":[],"_links":{"self":[{"href":"https:\/\/humainhealthcare.com\/fr\/wp-json\/wp\/v2\/pages\/370886","targetHints":{"allow":["GET"]}}],"collection":[{"href":"https:\/\/humainhealthcare.com\/fr\/wp-json\/wp\/v2\/pages"}],"about":[{"href":"https:\/\/humainhealthcare.com\/fr\/wp-json\/wp\/v2\/types\/page"}],"author":[{"embeddable":true,"href":"https:\/\/humainhealthcare.com\/fr\/wp-json\/wp\/v2\/users\/1"}],"replies":[{"embeddable":true,"href":"https:\/\/humainhealthcare.com\/fr\/wp-json\/wp\/v2\/comments?post=370886"}],"version-history":[{"count":0,"href":"https:\/\/humainhealthcare.com\/fr\/wp-json\/wp\/v2\/pages\/370886\/revisions"}],"wp:attachment":[{"href":"https:\/\/humainhealthcare.com\/fr\/wp-json\/wp\/v2\/media?parent=370886"}],"wp:term":[{"taxonomy":"difl_page_category","embeddable":true,"href":"https:\/\/humainhealthcare.com\/fr\/wp-json\/wp\/v2\/difl_page_category?post=370886"}],"curies":[{"name":"wp","href":"https:\/\/api.w.org\/{rel}","templated":true}]}}