{"id":370873,"date":"2025-04-20T06:49:07","date_gmt":"2025-04-20T06:49:07","guid":{"rendered":"https:\/\/humainhealthcare.com\/?page_id=370873"},"modified":"2025-07-03T05:27:57","modified_gmt":"2025-07-03T05:27:57","slug":"bilan-de-sante-specifique-menopause-barcelone","status":"publish","type":"page","link":"https:\/\/humainhealthcare.com\/fr\/bilan-de-sante-specifique-menopause-barcelone\/","title":{"rendered":"Bilan m\u00e9dical sp\u00e9cifique \u00e0 la m\u00e9nopause"},"content":{"rendered":"[et_pb_section fb_built=&#8221;1&#8243; _builder_version=&#8221;4.27.4&#8243; _module_preset=&#8221;default&#8221; background_enable_color=&#8221;off&#8221; locked=&#8221;off&#8221; global_colors_info=&#8221;{}&#8221;][et_pb_row _builder_version=&#8221;4.27.0&#8243; _module_preset=&#8221;default&#8221; locked=&#8221;off&#8221; global_colors_info=&#8221;{}&#8221;][et_pb_column type=&#8221;4_4&#8243; _builder_version=&#8221;4.27.0&#8243; _module_preset=&#8221;default&#8221; global_colors_info=&#8221;{}&#8221;][et_pb_text _builder_version=&#8221;4.27.4&#8243; _module_preset=&#8221;default&#8221; text_font=&#8221;Unna|700||on|||||&#8221; text_text_color=&#8221;#000080&#8243; text_font_size=&#8221;42px&#8221; text_line_height=&#8221;1.2em&#8221; text_font_size_tablet=&#8221;30px&#8221; text_font_size_phone=&#8221;30px&#8221; text_font_size_last_edited=&#8221;on|phone&#8221; global_colors_info=&#8221;{}&#8221;]<p class=\"et_pb_module_header\">Bilan m\u00e9dical sp\u00e9cifique \u00e0 la m\u00e9nopause :<\/p>\n<div><\/div>\n<div><\/div>\n<div><\/div>\n<div><\/div>[\/et_pb_text][et_pb_text _builder_version=&#8221;4.27.4&#8243; _module_preset=&#8221;default&#8221; text_font=&#8221;Unna||||||||&#8221; text_text_color=&#8221;#000000&#8243; text_font_size=&#8221;26px&#8221; text_line_height=&#8221;1.6em&#8221; ul_line_height=&#8221;1.6em&#8221; header_4_font=&#8221;Unna|700|||||||&#8221; header_4_text_color=&#8221;#000000&#8243; header_4_font_size=&#8221;28px&#8221; custom_margin=&#8221;||||false|false&#8221; custom_margin_tablet=&#8221;||||false|false&#8221; custom_margin_phone=&#8221;||||false|false&#8221; custom_margin_last_edited=&#8221;on|phone&#8221; text_font_size_tablet=&#8221;26px&#8221; text_font_size_phone=&#8221;20px&#8221; text_font_size_last_edited=&#8221;on|phone&#8221; header_4_font_size_tablet=&#8221;28px&#8221; header_4_font_size_phone=&#8221;24px&#8221; header_4_font_size_last_edited=&#8221;on|phone&#8221; locked=&#8221;off&#8221; global_colors_info=&#8221;{}&#8221;]<h4>1. \u00c9VALUATION PR\u00c9LIMINAIRE<\/h4>\n<p>Quelques jours avant le bilan, un questionnaire vous sera demand\u00e9. Le m\u00e9decin interniste adaptera les examens \u00e0 vos besoins.<\/p>\n<h4>2. TESTS M\u00c9DICAUX COMPLETS<\/h4>\n<ol>\n<li><strong>\u00c9valuation clinique compl\u00e8te :<\/strong><\/li>\n<\/ol>\n<ul>\n<li>Ant\u00e9c\u00e9dents m\u00e9dicaux : Examen d\u00e9taill\u00e9 des sympt\u00f4mes, des ant\u00e9c\u00e9dents familiaux et des facteurs de risque.<\/li>\n<li>Examen physique : \u00c9valuation g\u00e9n\u00e9rale de l\u2019\u00e9tat de sant\u00e9.<\/li>\n<\/ul>\n<ol start=\"2\">\n<li><strong>Tests de laboratoire :<\/strong><\/li>\n<\/ol>\n<ul>\n<li>Profil lipidique : Cholest\u00e9rol total, HDL, LDL et triglyc\u00e9rides.<\/li>\n<li>Glyc\u00e9mie \u00e0 jeun et h\u00e9moglobine glycosyl\u00e9e (HbA1c) : pour \u00e9valuer le risque de diab\u00e8te.<\/li>\n<li>Fonction thyro\u00efdienne : TSH, T3 et T4 pour \u00e9carter les probl\u00e8mes de thyro\u00efde.<\/li>\n<li>Num\u00e9ration globulaire compl\u00e8te : pour v\u00e9rifier l\u2019an\u00e9mie et d\u2019autres troubles sanguins.<\/li>\n<li>Fonction h\u00e9patique et r\u00e9nale : AST, ALT, bilirubine, cr\u00e9atinine et azote ur\u00e9ique du sang (BUN).<\/li>\n<li>Niveaux de vitamine D et de calcium : importants pour la sant\u00e9 des os.<\/li>\n<\/ul>\n<ol start=\"3\">\n<li><strong>Tests hormonaux o \u0153strog\u00e8ne et progest\u00e9rone :<\/strong><\/li>\n<\/ol>\n<ul>\n<li>Pour \u00e9valuer les niveaux d\u2019hormones.<\/li>\n<li>Hormone folliculo-stimulante (FSH) et hormone lut\u00e9inisante (LH) : indicateurs de l\u2019\u00e9tat m\u00e9nopausique.<\/li>\n<\/ul>\n<ol start=\"4\">\n<li><strong>\u00c9valuation de la sant\u00e9 osseuse<\/strong><\/li>\n<\/ol>\n<ul>\n<li>Ost\u00e9odensitom\u00e9trie (DEXA) : pour mesurer la densit\u00e9 min\u00e9rale osseuse et \u00e9valuer le risque d\u2019ost\u00e9oporose.<\/li>\n<\/ul>\n<ol start=\"5\">\n<li><strong>\u00c9valuation cardiovasculaire<\/strong><\/li>\n<\/ol>\n<ul>\n<li>\u00c9lectrocardiogramme (ECG) : pour v\u00e9rifier les arythmies ou les probl\u00e8mes cardiaques.<\/li>\n<li>\u00c9chocardiogramme : si une maladie cardiaque plus profonde est suspect\u00e9e.<\/li>\n<li>Test d'effort : En cas de facteurs de risque cardiovasculaire importants.<\/li>\n<\/ul>\n<ol start=\"6\">\n<li><strong>\u00c9valuation gyn\u00e9cologique<\/strong><\/li>\n<\/ol>\n<ul>\n<li>Mammographie : Pour le d\u00e9pistage du cancer du sein.<\/li>\n<li>Echographie mammaire : En cas de forte densit\u00e9 mammaire.<\/li>\n<li>Frottis vaginal et test HPV : pour le d\u00e9pistage du cancer du col de l\u2019ut\u00e9rus.<\/li>\n<li>\u00c9chographie transvaginale : pour \u00e9valuer l'ut\u00e9rus et les ovaires.<\/li>\n<li>Examen pelvien : pour v\u00e9rifier les anomalies des organes reproducteurs.<\/li>\n<\/ul>\n<ol start=\"7\">\n<li><strong>\u00c9valuation de la sant\u00e9 mentale<\/strong><\/li>\n<\/ol>\n<ul>\n<li>Questionnaires sur la d\u00e9pression et l\u2019anxi\u00e9t\u00e9 : pour \u00e9valuer la sant\u00e9 mentale, car la m\u00e9nopause peut affecter l\u2019humeur.<\/li>\n<\/ul>\n<ol start=\"8\">\n<li><strong>\u00c9valuation du sommeil<\/strong><\/li>\n<\/ol>\n<ul>\n<li>\u00c9tude du sommeil : S'il y a des sympt\u00f4mes d'apn\u00e9e du sommeil ou de troubles du sommeil.<\/li>\n<\/ul>\n<ol start=\"9\">\n<li><strong>Autres tests<\/strong><\/li>\n<\/ol>\n<ul>\n<li>\u00c9valuation des fonctions cognitives : en particulier s\u2019il existe des probl\u00e8mes de m\u00e9moire ou cognitifs.<\/li>\n<li>Examen ophtalmologique complet : Acuit\u00e9 visuelle + Pression intraoculaire + Campim\u00e9trie + OCT<\/li>\n<li>Audiom\u00e9trie : \u00c9valuer l\u2019audition.<\/li>\n<\/ul>\n<h4>3. POST-\u00c9VALUATION<\/h4>\n<p>Votre m\u00e9decin interniste d\u00e9taillera de mani\u00e8re personnalis\u00e9e les r\u00e9sultats de vos examens pour vous informer de ses recommandations sp\u00e9cifiques en mati\u00e8re de sant\u00e9, de pr\u00e9vention et de qualit\u00e9 de vie.<\/p>[\/et_pb_text][\/et_pb_column][\/et_pb_row][\/et_pb_section][et_pb_section fb_built=&#8221;1&#8243; _builder_version=&#8221;4.27.4&#8243; _module_preset=&#8221;default&#8221; background_color=&#8221;#f9f9f9&#8243; locked=&#8221;off&#8221; global_colors_info=&#8221;{}&#8221;][et_pb_row custom_padding_last_edited=&#8221;on|phone&#8221; _builder_version=&#8221;4.27.0&#8243; _module_preset=&#8221;default&#8221; custom_padding_tablet=&#8221;&#8221; custom_padding_phone=&#8221;||0px||false|false&#8221; global_colors_info=&#8221;{}&#8221;][et_pb_column type=&#8221;4_4&#8243; _builder_version=&#8221;4.27.0&#8243; _module_preset=&#8221;default&#8221; global_colors_info=&#8221;{}&#8221;][et_pb_text _builder_version=&#8221;4.27.4&#8243; _module_preset=&#8221;default&#8221; text_font=&#8221;Unna|700||on|||||&#8221; text_text_color=&#8221;#000080&#8243; text_font_size=&#8221;55px&#8221; text_line_height=&#8221;1.2em&#8221; text_orientation=&#8221;center&#8221; text_font_size_tablet=&#8221;55px&#8221; text_font_size_phone=&#8221;30px&#8221; text_font_size_last_edited=&#8221;on|phone&#8221; global_colors_info=&#8221;{}&#8221;]<p>contact<\/p>[\/et_pb_text][et_pb_contact_form captcha=&#8221;off&#8221; email=&#8221;info@humainhealthcare.com&#8221; submit_button_text=&#8221;Send Your Inquiry&#8221; _builder_version=&#8221;4.27.4&#8243; _module_preset=&#8221;default&#8221; _unique_id=&#8221;ca5705d7-3205-4343-968c-c6a7ecdeb161&#8243; form_field_background_color=&#8221;#FFFFFF&#8221; form_field_text_color=&#8221;#000000&#8243; form_field_font=&#8221;Unna|&#8211;et_global_body_font_weight|||||||&#8221; form_field_font_size=&#8221;18px&#8221; custom_button=&#8221;on&#8221; button_text_color=&#8221;#FFFFFF&#8221; button_bg_color=&#8221;#000080&#8243; button_border_width=&#8221;0px&#8221; button_font=&#8221;Unna|||on|||||&#8221; button_custom_margin=&#8221;15px|||23px|false|false&#8221; button_custom_margin_tablet=&#8221;15px|||23px|false|false&#8221; button_custom_margin_phone=&#8221;15px|||11px|false|false&#8221; button_custom_margin_last_edited=&#8221;on|phone&#8221; button_custom_padding=&#8221;12px|50px|12px|50px|true|true&#8221; width=&#8221;65%&#8221; width_tablet=&#8221;100%&#8221; width_phone=&#8221;100%&#8221; width_last_edited=&#8221;on|tablet&#8221; module_alignment=&#8221;center&#8221; custom_padding=&#8221;20px||||false|false&#8221; custom_padding_tablet=&#8221;20px||||false|false&#8221; custom_padding_phone=&#8221;0px||||false|false&#8221; custom_padding_last_edited=&#8221;on|phone&#8221; hover_enabled=&#8221;0&#8243; button_text_size_tablet=&#8221;&#8221; button_text_size_phone=&#8221;16px&#8221; button_text_size_last_edited=&#8221;on|phone&#8221; custom_css_free_form=&#8221;selector .et_contact_bottom_container{||  width: 100%;||}||||selector button{||  width: 100%;||}||||&#8221; border_width_all=&#8221;1px&#8221; locked=&#8221;off&#8221; global_colors_info=&#8221;{}&#8221; button_use_icon=&#8221;off&#8221; sticky_enabled=&#8221;0&#8243;][et_pb_contact_field field_id=&#8221;First_Name&#8221; field_title=&#8221;First Name&#8221; _builder_version=&#8221;4.27.0&#8243; global_colors_info=&#8221;{}&#8221; button_text_size__hover_enabled=&#8221;off&#8221; button_one_text_size__hover_enabled=&#8221;off&#8221; button_two_text_size__hover_enabled=&#8221;off&#8221; button_text_color__hover_enabled=&#8221;off&#8221; button_one_text_color__hover_enabled=&#8221;off&#8221; button_two_text_color__hover_enabled=&#8221;off&#8221; button_border_width__hover_enabled=&#8221;off&#8221; button_one_border_width__hover_enabled=&#8221;off&#8221; button_two_border_width__hover_enabled=&#8221;off&#8221; button_border_color__hover_enabled=&#8221;off&#8221; button_one_border_color__hover_enabled=&#8221;off&#8221; button_two_border_color__hover_enabled=&#8221;off&#8221; button_border_radius__hover_enabled=&#8221;off&#8221; button_one_border_radius__hover_enabled=&#8221;off&#8221; button_two_border_radius__hover_enabled=&#8221;off&#8221; button_letter_spacing__hover_enabled=&#8221;off&#8221; button_one_letter_spacing__hover_enabled=&#8221;off&#8221; button_two_letter_spacing__hover_enabled=&#8221;off&#8221; button_bg_color__hover_enabled=&#8221;off&#8221; button_one_bg_color__hover_enabled=&#8221;off&#8221; button_two_bg_color__hover_enabled=&#8221;off&#8221;][\/et_pb_contact_field][et_pb_contact_field field_id=&#8221;Last_Name&#8221; field_title=&#8221;Last Name&#8221; _builder_version=&#8221;4.27.0&#8243; global_colors_info=&#8221;{}&#8221; button_text_size__hover_enabled=&#8221;off&#8221; button_one_text_size__hover_enabled=&#8221;off&#8221; button_two_text_size__hover_enabled=&#8221;off&#8221; button_text_color__hover_enabled=&#8221;off&#8221; button_one_text_color__hover_enabled=&#8221;off&#8221; button_two_text_color__hover_enabled=&#8221;off&#8221; button_border_width__hover_enabled=&#8221;off&#8221; button_one_border_width__hover_enabled=&#8221;off&#8221; button_two_border_width__hover_enabled=&#8221;off&#8221; button_border_color__hover_enabled=&#8221;off&#8221; button_one_border_color__hover_enabled=&#8221;off&#8221; button_two_border_color__hover_enabled=&#8221;off&#8221; button_border_radius__hover_enabled=&#8221;off&#8221; button_one_border_radius__hover_enabled=&#8221;off&#8221; button_two_border_radius__hover_enabled=&#8221;off&#8221; button_letter_spacing__hover_enabled=&#8221;off&#8221; button_one_letter_spacing__hover_enabled=&#8221;off&#8221; button_two_letter_spacing__hover_enabled=&#8221;off&#8221; button_bg_color__hover_enabled=&#8221;off&#8221; button_one_bg_color__hover_enabled=&#8221;off&#8221; button_two_bg_color__hover_enabled=&#8221;off&#8221;][\/et_pb_contact_field][et_pb_contact_field field_id=&#8221;Email&#8221; field_title=&#8221;Work Email Address&#8221; field_type=&#8221;email&#8221; _builder_version=&#8221;4.27.0&#8243; global_colors_info=&#8221;{}&#8221; button_text_size__hover_enabled=&#8221;off&#8221; button_one_text_size__hover_enabled=&#8221;off&#8221; button_two_text_size__hover_enabled=&#8221;off&#8221; button_text_color__hover_enabled=&#8221;off&#8221; button_one_text_color__hover_enabled=&#8221;off&#8221; button_two_text_color__hover_enabled=&#8221;off&#8221; button_border_width__hover_enabled=&#8221;off&#8221; button_one_border_width__hover_enabled=&#8221;off&#8221; button_two_border_width__hover_enabled=&#8221;off&#8221; button_border_color__hover_enabled=&#8221;off&#8221; button_one_border_color__hover_enabled=&#8221;off&#8221; button_two_border_color__hover_enabled=&#8221;off&#8221; button_border_radius__hover_enabled=&#8221;off&#8221; button_one_border_radius__hover_enabled=&#8221;off&#8221; button_two_border_radius__hover_enabled=&#8221;off&#8221; button_letter_spacing__hover_enabled=&#8221;off&#8221; button_one_letter_spacing__hover_enabled=&#8221;off&#8221; button_two_letter_spacing__hover_enabled=&#8221;off&#8221; button_bg_color__hover_enabled=&#8221;off&#8221; button_one_bg_color__hover_enabled=&#8221;off&#8221; button_two_bg_color__hover_enabled=&#8221;off&#8221;][\/et_pb_contact_field][et_pb_contact_field field_id=&#8221;Phone&#8221; field_title=&#8221;Phone Number&#8221; allowed_symbols=&#8221;numbers&#8221; _builder_version=&#8221;4.27.4&#8243; global_colors_info=&#8221;{}&#8221; button_text_size__hover_enabled=&#8221;off&#8221; button_one_text_size__hover_enabled=&#8221;off&#8221; button_two_text_size__hover_enabled=&#8221;off&#8221; button_text_color__hover_enabled=&#8221;off&#8221; button_one_text_color__hover_enabled=&#8221;off&#8221; button_two_text_color__hover_enabled=&#8221;off&#8221; button_border_width__hover_enabled=&#8221;off&#8221; button_one_border_width__hover_enabled=&#8221;off&#8221; button_two_border_width__hover_enabled=&#8221;off&#8221; button_border_color__hover_enabled=&#8221;off&#8221; button_one_border_color__hover_enabled=&#8221;off&#8221; button_two_border_color__hover_enabled=&#8221;off&#8221; button_border_radius__hover_enabled=&#8221;off&#8221; button_one_border_radius__hover_enabled=&#8221;off&#8221; button_two_border_radius__hover_enabled=&#8221;off&#8221; button_letter_spacing__hover_enabled=&#8221;off&#8221; button_one_letter_spacing__hover_enabled=&#8221;off&#8221; button_two_letter_spacing__hover_enabled=&#8221;off&#8221; button_bg_color__hover_enabled=&#8221;off&#8221; button_one_bg_color__hover_enabled=&#8221;off&#8221; button_two_bg_color__hover_enabled=&#8221;off&#8221;][\/et_pb_contact_field][et_pb_contact_field field_id=&#8221;What_is_your_inquiry_about?&#8221; field_title=&#8221;What is your inquiry about?&#8221; field_type=&#8221;text&#8221; fullwidth_field=&#8221;on&#8221; _builder_version=&#8221;4.27.4&#8243; _module_preset=&#8221;default&#8221; global_colors_info=&#8221;{}&#8221;][\/et_pb_contact_field][\/et_pb_contact_form][\/et_pb_column][\/et_pb_row][\/et_pb_section]","protected":false},"excerpt":{"rendered":"<p>Menopause-specific Medical Check Up: 1. PRELIMINARY EVALUATION Days before the check-up, you will be asked to fill out a questionnaire. The internist doctor will adapt the check-up tests to your needs. 2. COMPLETE MEDICAL TESTS Complete Clinical Evaluation: Medical History: Detailed review of symptoms, family history, and risk factors. Physical Examination: General evaluation of the [&hellip;]<\/p>","protected":false},"author":1,"featured_media":0,"parent":0,"menu_order":0,"comment_status":"closed","ping_status":"closed","template":"","meta":{"_et_pb_use_builder":"on","_et_pb_old_content":"","_et_gb_content_width":"","footnotes":""},"difl_page_category":[],"class_list":["post-370873","page","type-page","status-publish","hentry"],"aioseo_notices":[],"_links":{"self":[{"href":"https:\/\/humainhealthcare.com\/fr\/wp-json\/wp\/v2\/pages\/370873","targetHints":{"allow":["GET"]}}],"collection":[{"href":"https:\/\/humainhealthcare.com\/fr\/wp-json\/wp\/v2\/pages"}],"about":[{"href":"https:\/\/humainhealthcare.com\/fr\/wp-json\/wp\/v2\/types\/page"}],"author":[{"embeddable":true,"href":"https:\/\/humainhealthcare.com\/fr\/wp-json\/wp\/v2\/users\/1"}],"replies":[{"embeddable":true,"href":"https:\/\/humainhealthcare.com\/fr\/wp-json\/wp\/v2\/comments?post=370873"}],"version-history":[{"count":0,"href":"https:\/\/humainhealthcare.com\/fr\/wp-json\/wp\/v2\/pages\/370873\/revisions"}],"wp:attachment":[{"href":"https:\/\/humainhealthcare.com\/fr\/wp-json\/wp\/v2\/media?parent=370873"}],"wp:term":[{"taxonomy":"difl_page_category","embeddable":true,"href":"https:\/\/humainhealthcare.com\/fr\/wp-json\/wp\/v2\/difl_page_category?post=370873"}],"curies":[{"name":"wp","href":"https:\/\/api.w.org\/{rel}","templated":true}]}}